{"id":128,"date":"2026-01-30T05:41:10","date_gmt":"2026-01-30T02:41:10","guid":{"rendered":"https:\/\/www.drgizemmert.com\/?page_id=128"},"modified":"2026-01-30T06:37:58","modified_gmt":"2026-01-30T03:37:58","slug":"dr-gizem-mert-hakkinda","status":"publish","type":"page","link":"https:\/\/www.drgizemmert.com\/en\/dr-gizem-mert-hakkinda\/","title":{"rendered":"About Dr. Gizem Mert"},"content":{"rendered":"<div data-elementor-type=\"wp-page\" data-elementor-id=\"128\" class=\"elementor elementor-128\" data-elementor-post-type=\"page\">\n\t\t\t\t<div class=\"elementor-element elementor-element-320a96ef e-flex e-con-boxed e-con e-parent\" data-id=\"320a96ef\" data-element_type=\"container\" data-settings=\"{&quot;background_background&quot;:&quot;classic&quot;}\">\n\t\t\t\t\t<div class=\"e-con-inner\">\n\t\t\t\t<div class=\"elementor-element elementor-element-86d3651 elementor-widget elementor-widget-heading\" data-id=\"86d3651\" data-element_type=\"widget\" data-widget_type=\"heading.default\">\n\t\t\t\t\t<h2 class=\"elementor-heading-title elementor-size-default\">About Dr. Gizem Mert<\/h2>\t\t\t\t<\/div>\n\t\t\t\t\t<\/div>\n\t\t\t\t<\/div>\n\t\t<div class=\"elementor-element elementor-element-498d963 e-flex e-con-boxed e-con e-parent\" data-id=\"498d963\" data-element_type=\"container\" data-settings=\"{&quot;background_background&quot;:&quot;classic&quot;}\">\n\t\t\t\t\t<div class=\"e-con-inner\">\n\t\t<div class=\"elementor-element elementor-element-c3aff2d e-con-full e-flex elementor-invisible e-con e-child\" data-id=\"c3aff2d\" data-element_type=\"container\" data-settings=\"{&quot;animation&quot;:&quot;fadeIn&quot;}\">\n\t\t<div class=\"elementor-element elementor-element-33b4158 e-con-full e-flex e-con e-child\" data-id=\"33b4158\" data-element_type=\"container\">\n\t\t<div class=\"elementor-element elementor-element-a2005ad e-con-full e-flex e-con e-child\" data-id=\"a2005ad\" data-element_type=\"container\">\n\t\t\t\t<div class=\"elementor-element elementor-element-ea0166b elementor-widget elementor-widget-text-editor\" data-id=\"ea0166b\" data-element_type=\"widget\" data-widget_type=\"text-editor.default\">\n\t\t\t\t\t\t\t\t\t<p class=\"p1\">I was born in Edirne. I attended primary school at Edirne Trakya Birlik School. I completed my secondary and high school education at Edirne Anatolian High School. In 2004, I enrolled in Yeditepe University English (with scholarship), which has been my dream since my childhood.<\/p><p class=\"p1\">In the last year of medical school, I transferred to Trakya University Faculty of Medicine to return to my family. I graduated from here in 2011. I searched for the appropriate department for my medical aesthetic career, which was shaped in my school life and is now my dream. I chose specialization in the Department of Anesthesiology and Reanimation in order to perform painless and comfortable procedures, to apply the first intervention in emergency life-threatening situations such as anaphylaxis, to gain experience and mastery in injection procedures and especially in sensitive injection procedures.<\/p><p class=\"p1\">I started my specialty training at Trakya University Faculty of Medicine, Department of Anesthesiology and Reanimation in order to complete my specialty near my family. I completed my specialty training in 2018. After fulfilling my state service obligation at K\u0131rklareli Training and Research Hospital and Edirne Sultan 1st Murad Hospital, I resigned from my public service.<\/p><p class=\"p1\">I participated in domestic and international courses, seminars and workshops in order to increase my experience and knowledge in the field of medical aesthetics both during my specialization process and in the post-resignation process, and to shape the field of medicine under scientific ethics. In my post-resignation process ...<\/p><p class=\"p1\">I had the chance to work with experienced physicians in a well-known clinic in Istanbul. Since there is no master's program related to the field of medical aesthetic expertise in our country, I turned to medical aesthetic master's programs in Europe during my residency. In this master's program recognized by the European Union, all existing and currently applied medical procedures are given practically in the light of current scientific data.<\/p><p class=\"p1\">My purpose of starting this program is to be aware that I will always be renewed in my life and in my profession that I always want to do, to learn the information that is up-to-date for today, to be able to adapt to all positive knowledge that differentiates in the way of constantly changing and updated science, to always be a practitioner, a learner, a developer; It is seen as one of my biggest goals to become much better at doing the profession I love.<\/p>\t\t\t\t\t\t\t\t<\/div>\n\t\t\t\t<\/div>\n\t\t\t\t<div class=\"elementor-element elementor-element-2becadb elementor-widget-mobile__width-inherit elementor-widget elementor-widget-tp-button\" data-id=\"2becadb\" data-element_type=\"widget\" data-widget_type=\"tp-button.default\">\n\t\t\t\t\t<div class=\"pt-plus-button-wrapper   text-\"><div class=\"button_parallax  full-button\"><div id=\"button69e38adbeb2f0\"  class=\"text- ts-button content_hover_effect   full-button\" ><div class=\"pt_plus_button btn69e38adbeb2ef button-style-10  full-button\"  ><div class=\"animted-content-inner\"><a href=\"https:\/\/www.drgizemmert.com\/en\/randevu-olustur\/\" class=\"button-link-wrap\" role=\"button\" data-hover=\"Randevu Olu\u015fturun\"  >Create an Appointment<\/a><\/div><\/div><\/div><\/div><\/div>\t\t\t\t<\/div>\n\t\t\t\t<\/div>\n\t\t\t\t<\/div>\n\t\t\t\t\t<\/div>\n\t\t\t\t<\/div>\n\t\t\t\t<\/div>","protected":false},"excerpt":{"rendered":"<p>Dr. Gizem Mert Hakk\u0131nda Ben Doktor Gizem MERT. Edirne do\u011fumluyum. \u0130lkokulu Edirne Trakya Birlik Okulu\u2019nda okudum. Ortaokul ve lise \u00f6\u011frenimimi Edirne Anadolu Lisesi\u2019nde tamamlad\u0131m. 2004 y\u0131l\u0131nda \u00e7ocuklu\u011fumdan beri hayalim olan t\u0131p fak\u00fcltesini, Yeditepe \u00dcniversitesi \u0130ngilizce (burslu) olarak kazand\u0131m. T\u0131p fak\u00fcltesinin son y\u0131l\u0131nda ailemin yan\u0131na d\u00f6nmek i\u00e7in Trakya \u00dcniversitesi T\u0131p Fak\u00fcltesi\u2019ne ge\u00e7i\u015f yapt\u0131m. 2011 y\u0131l\u0131nda buradan [&hellip;]<\/p>","protected":false},"author":1,"featured_media":0,"parent":0,"menu_order":0,"comment_status":"closed","ping_status":"closed","template":"elementor_header_footer","meta":{"footnotes":""},"class_list":["post-128","page","type-page","status-publish","hentry"],"_hostinger_reach_plugin_has_subscription_block":false,"_hostinger_reach_plugin_is_elementor":false,"_links":{"self":[{"href":"https:\/\/www.drgizemmert.com\/en\/wp-json\/wp\/v2\/pages\/128","targetHints":{"allow":["GET"]}}],"collection":[{"href":"https:\/\/www.drgizemmert.com\/en\/wp-json\/wp\/v2\/pages"}],"about":[{"href":"https:\/\/www.drgizemmert.com\/en\/wp-json\/wp\/v2\/types\/page"}],"author":[{"embeddable":true,"href":"https:\/\/www.drgizemmert.com\/en\/wp-json\/wp\/v2\/users\/1"}],"replies":[{"embeddable":true,"href":"https:\/\/www.drgizemmert.com\/en\/wp-json\/wp\/v2\/comments?post=128"}],"version-history":[{"count":13,"href":"https:\/\/www.drgizemmert.com\/en\/wp-json\/wp\/v2\/pages\/128\/revisions"}],"predecessor-version":[{"id":193,"href":"https:\/\/www.drgizemmert.com\/en\/wp-json\/wp\/v2\/pages\/128\/revisions\/193"}],"wp:attachment":[{"href":"https:\/\/www.drgizemmert.com\/en\/wp-json\/wp\/v2\/media?parent=128"}],"curies":[{"name":"wp","href":"https:\/\/api.w.org\/{rel}","templated":true}]}}