{"id":59,"date":"2026-01-16T06:31:40","date_gmt":"2026-01-16T03:31:40","guid":{"rendered":"https:\/\/drgizemmert.com\/?page_id=59"},"modified":"2026-01-30T07:23:33","modified_gmt":"2026-01-30T04:23:33","slug":"ana-sayfa","status":"publish","type":"page","link":"https:\/\/www.drgizemmert.com\/el\/","title":{"rendered":"\u0391\u03c1\u03c7\u03b9\u03ba\u03ae \u03c3\u03b5\u03bb\u03af\u03b4\u03b1"},"content":{"rendered":"<div data-elementor-type=\"wp-page\" data-elementor-id=\"59\" class=\"elementor elementor-59\" data-elementor-post-type=\"page\">\n\t\t\t\t<div class=\"elementor-element elementor-element-2504839 e-flex e-con-boxed e-con e-parent\" data-id=\"2504839\" data-element_type=\"container\" data-settings=\"{&quot;background_background&quot;:&quot;classic&quot;}\">\n\t\t\t\t\t<div class=\"e-con-inner\">\n\t\t<div class=\"elementor-element elementor-element-1b4efc03 e-con-full e-flex elementor-invisible e-con e-child\" data-id=\"1b4efc03\" data-element_type=\"container\" data-settings=\"{&quot;animation&quot;:&quot;fadeIn&quot;}\">\n\t\t<div class=\"elementor-element elementor-element-4e4df74f e-con-full e-flex e-con e-child\" data-id=\"4e4df74f\" data-element_type=\"container\">\n\t\t<div class=\"elementor-element elementor-element-470efb0d e-con-full e-flex e-con e-child\" data-id=\"470efb0d\" data-element_type=\"container\">\n\t\t\t\t<div class=\"elementor-element elementor-element-226bd9a elementor-headline--style-rotate elementor-widget elementor-widget-animated-headline\" data-id=\"226bd9a\" data-element_type=\"widget\" data-settings=\"{&quot;headline_style&quot;:&quot;rotate&quot;,&quot;animation_type&quot;:&quot;drop-in&quot;,&quot;rotating_text&quot;:&quot;Ger\\u00e7ek\\nSa\\u011fl\\u0131kl\\u0131\\nOnayl\\u0131&quot;,&quot;loop&quot;:&quot;yes&quot;,&quot;rotate_iteration_delay&quot;:2500}\" data-widget_type=\"animated-headline.default\">\n\t\t\t\t\t\t\t<h3 class=\"elementor-headline elementor-headline-animation-type-drop-in\">\n\t\t\t\t\t<span class=\"elementor-headline-plain-text elementor-headline-text-wrapper\">Uzm. Dr Gizem Mert \u03ba\u03b1\u03b9<\/span>\n\t\t\t\t<span class=\"elementor-headline-dynamic-wrapper elementor-headline-text-wrapper\">\n\t\t\t\t\t<span class=\"elementor-headline-dynamic-text elementor-headline-text-active\">\n\t\t\t\t\u0397 \u03b1\u03bb\u03ae\u03b8\u03b5\u03b9\u03b1\t\t\t<\/span>\n\t\t\t\t\t<span class=\"elementor-headline-dynamic-text\">\n\t\t\t\t\u03a5\u03b3\u03b9\u03b5\u03b9\u03bd\u03ae\t\t\t<\/span>\n\t\t\t\t\t<span class=\"elementor-headline-dynamic-text\">\n\t\t\t\t\u0395\u03b3\u03ba\u03b5\u03ba\u03c1\u03b9\u03bc\u03ad\u03bd\u03bf\t\t\t<\/span>\n\t\t\t\t\t\t<\/span>\n\t\t\t\t\t<span class=\"elementor-headline-plain-text elementor-headline-text-wrapper\">\u0395\u03c0\u03af\u03c4\u03b5\u03c5\u03be\u03b7 \u03b1\u03c0\u03bf\u03c4\u03b5\u03bb\u03b5\u03c3\u03bc\u03ac\u03c4\u03c9\u03bd<\/span>\n\t\t\t\t\t<\/h3>\n\t\t\t\t\t\t<\/div>\n\t\t\t\t<div class=\"elementor-element elementor-element-ba56422 elementor-widget elementor-widget-text-editor\" data-id=\"ba56422\" data-element_type=\"widget\" data-widget_type=\"text-editor.default\">\n\t\t\t\t\t\t\t\t\t<p class=\"p1\"><span class=\"s1\"><b>\u0394\u03c1 Gizem Mert<\/b><\/span>, \u03bc\u03b5\u03c4\u03b1\u03c4\u03c1\u03ad\u03c0\u03b5\u03b9 \u03c4\u03b7\u03bd \u03b5\u03c0\u03b9\u03c3\u03c4\u03b7\u03bc\u03bf\u03bd\u03b9\u03ba\u03ae \u03b4\u03b5\u03bf\u03bd\u03c4\u03bf\u03bb\u03bf\u03b3\u03af\u03b1 \u03ba\u03b1\u03b9 \u03c4\u03b7\u03bd \u03c4\u03b5\u03c7\u03bd\u03bf\u03b3\u03bd\u03c9\u03c3\u03af\u03b1 \u03c3\u03c4\u03b9\u03c2 \u03b1\u03b9\u03c3\u03b8\u03b7\u03c4\u03b9\u03ba\u03ad\u03c2 \u03b5\u03c6\u03b1\u03c1\u03bc\u03bf\u03b3\u03ad\u03c2 \u03c3\u03b5 \u03b1\u03c3\u03c6\u03b1\u03bb\u03ae \u03ba\u03b1\u03b9 \u03c6\u03c5\u03c3\u03b9\u03ba\u03ac \u03b1\u03c0\u03bf\u03c4\u03b5\u03bb\u03ad\u03c3\u03bc\u03b1\u03c4\u03b1.<\/p>\t\t\t\t\t\t\t\t<\/div>\n\t\t\t\t<\/div>\n\t\t\t\t<div class=\"elementor-element elementor-element-62111cfb elementor-widget-mobile__width-inherit elementor-widget elementor-widget-tp-button\" data-id=\"62111cfb\" data-element_type=\"widget\" data-widget_type=\"tp-button.default\">\n\t\t\t\t\t<div class=\"pt-plus-button-wrapper   text-\"><div class=\"button_parallax  full-button\"><div id=\"button69e3896d0a725\"  class=\"text- ts-button content_hover_effect   full-button\" ><div class=\"pt_plus_button btn69e3896d0a724 button-style-10  full-button\"  ><div class=\"animted-content-inner\"><a href=\"https:\/\/www.drgizemmert.com\/el\/randevu-olustur\/\" class=\"button-link-wrap\" role=\"button\" data-hover=\"Randevu Olu\u015fturun\"  >\u0394\u03b7\u03bc\u03b9\u03bf\u03c5\u03c1\u03b3\u03af\u03b1 \u03c1\u03b1\u03bd\u03c4\u03b5\u03b2\u03bf\u03cd<\/a><\/div><\/div><\/div><\/div><\/div>\t\t\t\t<\/div>\n\t\t\t\t<\/div>\n\t\t\t\t<\/div>\n\t\t<div class=\"elementor-element elementor-element-761cf034 e-con-full e-flex elementor-invisible e-con e-child\" data-id=\"761cf034\" data-element_type=\"container\" data-settings=\"{&quot;animation&quot;:&quot;fadeIn&quot;}\">\n\t\t\t\t<div class=\"elementor-element elementor-element-4eb02de8 elementor-widget elementor-widget-image\" data-id=\"4eb02de8\" data-element_type=\"widget\" data-widget_type=\"image.default\">\n\t\t\t\t\t\t\t\t\t\t\t\t\t\t\t<img fetchpriority=\"high\" decoding=\"async\" width=\"1140\" height=\"1248\" src=\"https:\/\/www.drgizemmert.com\/wp-content\/uploads\/2026\/01\/dr-gizemmert.webp\" class=\"attachment-full size-full wp-image-78\" alt=\"\" srcset=\"https:\/\/www.drgizemmert.com\/wp-content\/uploads\/2026\/01\/dr-gizemmert.webp 1140w, https:\/\/www.drgizemmert.com\/wp-content\/uploads\/2026\/01\/dr-gizemmert-274x300.webp 274w, https:\/\/www.drgizemmert.com\/wp-content\/uploads\/2026\/01\/dr-gizemmert-935x1024.webp 935w, https:\/\/www.drgizemmert.com\/wp-content\/uploads\/2026\/01\/dr-gizemmert-768x841.webp 768w\" sizes=\"(max-width: 1140px) 100vw, 1140px\" \/>\t\t\t\t\t\t\t\t\t\t\t\t\t\t\t<\/div>\n\t\t\t\t<\/div>\n\t\t\t\t\t<\/div>\n\t\t\t\t<\/div>\n\t\t<div class=\"elementor-element elementor-element-7abc9939 e-flex e-con-boxed e-con e-parent\" data-id=\"7abc9939\" data-element_type=\"container\" data-settings=\"{&quot;background_background&quot;:&quot;classic&quot;}\">\n\t\t\t\t\t<div class=\"e-con-inner\">\n\t\t<div class=\"elementor-element elementor-element-d516d81 e-con-full e-flex e-con e-child\" data-id=\"d516d81\" data-element_type=\"container\">\n\t\t\t\t<div class=\"elementor-element elementor-element-2f92b150 elementor-widget__width-inherit elementor-widget elementor-widget-image\" data-id=\"2f92b150\" data-element_type=\"widget\" data-widget_type=\"image.default\">\n\t\t\t\t\t\t\t\t\t\t\t\t\t\t\t<img decoding=\"async\" src=\"https:\/\/www.drgizemmert.com\/wp-content\/uploads\/elementor\/thumbs\/cosmetician-hands-with-working-tools-patient-face-1-rieax5c6ig0tsqr9isippzi9zb91rz6txiyk73ocu2.jpg\" title=\"\u03ba\u03b1\u03bb\u03bb\u03c5\u03bd\u03c4\u03b9\u03ba\u03cc\u03c2-\u03c7\u03ad\u03c1\u03b7-\u03bc\u03b5-\u03b5\u03c1\u03b3\u03b1\u03bb\u03b5\u03af\u03b1-\u03b5\u03c1\u03b3\u03b1\u03c3\u03af\u03b1\u03c2-\u03c0\u03c1\u03cc\u03c3\u03c9\u03c0\u03bf-\u03b1\u03c3\u03b8\u03b5\u03bd\u03bf\u03cd\u03c2-1\" alt=\"cosmetician-hands-with-working-tools-patient-face-1\" loading=\"lazy\" \/>\t\t\t\t\t\t\t\t\t\t\t\t\t\t\t<\/div>\n\t\t<div class=\"elementor-element elementor-element-1e8f78ac e-con-full e-flex e-con e-child\" data-id=\"1e8f78ac\" data-element_type=\"container\" data-settings=\"{&quot;background_background&quot;:&quot;classic&quot;}\">\n\t\t\t\t<div class=\"elementor-element elementor-element-9408fe2 text-left elementor-widget elementor-widget-tp-adv-text-block\" data-id=\"9408fe2\" data-element_type=\"widget\" data-widget_type=\"tp-adv-text-block.default\">\n\t\t\t\t\t<div class=\"pt-plus-text-block-wrapper\" ><div class=\"text_block_parallax\"><div class=\"pt_plus_adv_text_block\" ><div class=\"text-content-block\"><p>\u039c\u03c0\u03bf\u03c1\u03b5\u03af\u03c4\u03b5 \u03bd\u03b1 \u03ba\u03bb\u03b5\u03af\u03c3\u03b5\u03c4\u03b5 \u03c1\u03b1\u03bd\u03c4\u03b5\u03b2\u03bf\u03cd \u03bc\u03b5 \u03c4\u03bf\u03bd Dr Gizem Mert:<\/p><\/div><\/div><\/div><\/div>\t\t\t\t<\/div>\n\t\t\t\t<div class=\"elementor-element elementor-element-5e457a8a elementor-widget-mobile__width-inherit elementor-widget elementor-widget-tp-button\" data-id=\"5e457a8a\" data-element_type=\"widget\" data-widget_type=\"tp-button.default\">\n\t\t\t\t\t<div class=\"pt-plus-button-wrapper   text-\"><div class=\"button_parallax  full-button\"><div id=\"button69e3896d0ac1c\"  class=\"text- ts-button content_hover_effect   full-button\" ><div class=\"pt_plus_button btn69e3896d0ac1a button-style-10  full-button\"  ><div class=\"animted-content-inner\"><a href=\"https:\/\/www.drgizemmert.com\/el\/randevu-olustur\/\" class=\"button-link-wrap\" role=\"button\" data-hover=\"Randevu Olu\u015fturun\"  >\u0394\u03b7\u03bc\u03b9\u03bf\u03c5\u03c1\u03b3\u03af\u03b1 \u03c1\u03b1\u03bd\u03c4\u03b5\u03b2\u03bf\u03cd<\/a><\/div><\/div><\/div><\/div><\/div>\t\t\t\t<\/div>\n\t\t\t\t<\/div>\n\t\t\t\t<\/div>\n\t\t<div class=\"elementor-element elementor-element-367952ee e-con-full e-flex e-con e-child\" data-id=\"367952ee\" data-element_type=\"container\">\n\t\t<div class=\"elementor-element elementor-element-5e4f8f05 e-con-full e-flex e-con e-child\" data-id=\"5e4f8f05\" data-element_type=\"container\">\n\t\t\t\t<div class=\"elementor-element elementor-element-259400b8 text-left text--mobilecenter elementor-widget elementor-widget-tp-heading-title\" data-id=\"259400b8\" data-element_type=\"widget\" data-widget_type=\"tp-heading-title.default\">\n\t\t\t\t\t<div class=\"heading heading_style heading_style69e3896d0bf94 style-1\" ><div class=\"sub-style\" ><div class=\"head-title\" > <h2  class=\"heading-title\"  data-hover=\"Uzm. Dr. Gizem Mert\">Uzm. \u0394\u03c1 Gizem Mert<span class=\"title-s\">  <\/span><\/h2><\/div><\/div><\/div>\t\t\t\t<\/div>\n\t\t\t\t<\/div>\n\t\t<div class=\"elementor-element elementor-element-709bbb31 e-con-full e-flex e-con e-child\" data-id=\"709bbb31\" data-element_type=\"container\">\n\t\t<div class=\"elementor-element elementor-element-7cbe7a0d e-con-full e-flex e-con e-child\" data-id=\"7cbe7a0d\" data-element_type=\"container\">\n\t\t<div class=\"elementor-element elementor-element-78d07c19 e-con-full e-flex e-con e-child\" data-id=\"78d07c19\" data-element_type=\"container\" data-settings=\"{&quot;background_background&quot;:&quot;classic&quot;}\">\n\t\t\t\t<div class=\"elementor-element elementor-element-327b7ea6 elementor-widget elementor-widget-image-box\" data-id=\"327b7ea6\" data-element_type=\"widget\" data-widget_type=\"image-box.default\">\n\t\t\t\t\t<div class=\"elementor-image-box-wrapper\"><div class=\"elementor-image-box-content\"><h3 class=\"elementor-image-box-title\">Botox<\/h3><p class=\"elementor-image-box-description\">\u03a4\u03bf Botox (Botulinum toxin) \u03b5\u03af\u03bd\u03b1\u03b9 \u03bc\u03b9\u03b1 \u03c4\u03bf\u03be\u03af\u03bd\u03b7 \u03c0\u03bf\u03c5 \u03bb\u03b1\u03bc\u03b2\u03ac\u03bd\u03b5\u03c4\u03b1\u03b9 \u03b1\u03c0\u03cc \u03c4\u03bf \u03b2\u03b1\u03ba\u03c4\u03ae\u03c1\u03b9\u03bf Clostridium botulinum.<\/p><\/div><\/div>\t\t\t\t<\/div>\n\t\t\t\t<\/div>\n\t\t<div class=\"elementor-element elementor-element-78ff0e1 e-con-full e-flex e-con e-child\" data-id=\"78ff0e1\" data-element_type=\"container\" data-settings=\"{&quot;background_background&quot;:&quot;classic&quot;}\">\n\t\t\t\t<div class=\"elementor-element elementor-element-3a3ce134 elementor-widget elementor-widget-image-box\" data-id=\"3a3ce134\" data-element_type=\"widget\" data-widget_type=\"image-box.default\">\n\t\t\t\t\t<div class=\"elementor-image-box-wrapper\"><div class=\"elementor-image-box-content\"><h3 class=\"elementor-image-box-title\">\u03a5\u03b3\u03c1\u03cc \u03bb\u03af\u03c6\u03c4\u03b9\u03bd\u03b3\u03ba \u03c0\u03c1\u03bf\u03c3\u03ce\u03c0\u03bf\u03c5<\/h3><p class=\"elementor-image-box-description\">\u03a4\u03bf \u03c5\u03b3\u03c1\u03cc \u03bb\u03af\u03c6\u03c4\u03b9\u03bd\u03b3\u03ba \u03c0\u03c1\u03bf\u03c3\u03ce\u03c0\u03bf\u03c5 \u03b5\u03af\u03bd\u03b1\u03b9 \u03bc\u03b9\u03b1 \u03bc\u03b7 \u03c7\u03b5\u03b9\u03c1\u03bf\u03c5\u03c1\u03b3\u03b9\u03ba\u03ae \u03bc\u03ad\u03b8\u03bf\u03b4\u03bf\u03c2 \u03b1\u03bd\u03b1\u03b6\u03c9\u03bf\u03b3\u03cc\u03bd\u03b7\u03c3\u03b7\u03c2. <\/p><\/div><\/div>\t\t\t\t<\/div>\n\t\t\t\t<\/div>\n\t\t\t\t<\/div>\n\t\t<div class=\"elementor-element elementor-element-17ebcb5f e-con-full e-flex e-con e-child\" data-id=\"17ebcb5f\" data-element_type=\"container\">\n\t\t<div class=\"elementor-element elementor-element-5aa65c32 e-con-full e-flex e-con e-child\" data-id=\"5aa65c32\" data-element_type=\"container\" data-settings=\"{&quot;background_background&quot;:&quot;classic&quot;}\">\n\t\t\t\t<div class=\"elementor-element elementor-element-16658117 elementor-widget elementor-widget-image-box\" data-id=\"16658117\" data-element_type=\"widget\" data-widget_type=\"image-box.default\">\n\t\t\t\t\t<div class=\"elementor-image-box-wrapper\"><div class=\"elementor-image-box-content\"><h3 class=\"elementor-image-box-title\">\u03a3\u03c5\u03bc\u03c0\u03bb\u03b7\u03c1\u03ce\u03bc\u03b1\u03c4\u03b1 \u03c7\u03b5\u03b9\u03bb\u03b9\u03ce\u03bd<\/h3><p class=\"elementor-image-box-description\">\u03a4\u03bf \u03b3\u03ad\u03bc\u03b9\u03c3\u03bc\u03b1 \u03c4\u03c9\u03bd \u03c7\u03b5\u03b9\u03bb\u03b9\u03ce\u03bd \u03b5\u03af\u03bd\u03b1\u03b9 \u03b7 \u03bc\u03b7 \u03c7\u03b5\u03b9\u03c1\u03bf\u03c5\u03c1\u03b3\u03b9\u03ba\u03ae \u03ad\u03b3\u03c7\u03c5\u03c3\u03b7 \u03b5\u03b9\u03b4\u03b9\u03ba\u03ce\u03bd \u03c0\u03bb\u03b7\u03c1\u03c9\u03c4\u03b9\u03ba\u03ce\u03bd \u03bf\u03c5\u03c3\u03b9\u03ce\u03bd \u03c3\u03c4\u03b1 \u03c7\u03b5\u03af\u03bb\u03b7 \u03b3\u03b9\u03b1 \u03c4\u03b7\u03bd \u03b5\u03c0\u03af\u03c4\u03b5\u03c5\u03be\u03b7 \u03c4\u03b7\u03c2 \u03b5\u03c0\u03b9\u03b8\u03c5\u03bc\u03b7\u03c4\u03ae\u03c2 \u03b5\u03bc\u03c6\u03ac\u03bd\u03b9\u03c3\u03b7\u03c2 \u03c4\u03c9\u03bd \u03c7\u03b5\u03b9\u03bb\u03b9\u03ce\u03bd.<\/p><\/div><\/div>\t\t\t\t<\/div>\n\t\t\t\t<\/div>\n\t\t<div class=\"elementor-element elementor-element-221cbfd4 e-con-full e-flex e-con e-child\" data-id=\"221cbfd4\" data-element_type=\"container\" data-settings=\"{&quot;background_background&quot;:&quot;classic&quot;}\">\n\t\t\t\t<div class=\"elementor-element elementor-element-1e27f6de elementor-widget elementor-widget-image-box\" data-id=\"1e27f6de\" data-element_type=\"widget\" data-widget_type=\"image-box.default\">\n\t\t\t\t\t<div class=\"elementor-image-box-wrapper\"><div class=\"elementor-image-box-content\"><h3 class=\"elementor-image-box-title\">\u0391\u03bd\u03b1\u03b6\u03c9\u03bf\u03b3\u03cc\u03bd\u03b7\u03c3\u03b7 \u03c4\u03bf\u03c5 \u03b4\u03ad\u03c1\u03bc\u03b1\u03c4\u03bf\u03c2<\/h3><p class=\"elementor-image-box-description\">\u039f\u03b9 \u03b5\u03c6\u03b1\u03c1\u03bc\u03bf\u03b3\u03ad\u03c2 \u03b1\u03bd\u03b1\u03b6\u03c9\u03bf\u03b3\u03cc\u03bd\u03b7\u03c3\u03b7\u03c2 \u03c4\u03bf\u03c5 \u03b4\u03ad\u03c1\u03bc\u03b1\u03c4\u03bf\u03c2 \u03c0\u03b5\u03c1\u03b9\u03bb\u03b1\u03bc\u03b2\u03ac\u03bd\u03bf\u03c5\u03bd \u03b1\u03b9\u03c3\u03b8\u03b7\u03c4\u03b9\u03ba\u03ad\u03c2 \u03bc\u03b5\u03b8\u03cc\u03b4\u03bf\u03c5\u03c2 \u03c0\u03bf\u03c5 \u03b5\u03c6\u03b1\u03c1\u03bc\u03cc\u03b6\u03bf\u03bd\u03c4\u03b1\u03b9 \u03c7\u03c9\u03c1\u03af\u03c2 \u03c7\u03b5\u03b9\u03c1\u03bf\u03c5\u03c1\u03b3\u03b9\u03ba\u03ae \u03b5\u03c0\u03ad\u03bc\u03b2\u03b1\u03c3\u03b7 \u03b3\u03b9\u03b1 \u03c4\u03b7\u03bd \u03b1\u03cd\u03be\u03b7\u03c3\u03b7 \u03c4\u03b7\u03c2 \u03b5\u03bb\u03b1\u03c3\u03c4\u03b9\u03ba\u03cc\u03c4\u03b7\u03c4\u03b1\u03c2 \u03ba\u03b1\u03b9 \u03c4\u03b7\u03c2 \u03b6\u03c9\u03c4\u03b9\u03ba\u03cc\u03c4\u03b7\u03c4\u03b1\u03c2 \u03c4\u03bf\u03c5 \u03b4\u03ad\u03c1\u03bc\u03b1\u03c4\u03bf\u03c2.\n<\/p><\/div><\/div>\t\t\t\t<\/div>\n\t\t\t\t<\/div>\n\t\t\t\t<\/div>\n\t\t\t\t<\/div>\n\t\t\t\t<\/div>\n\t\t\t\t\t<\/div>\n\t\t\t\t<\/div>\n\t\t\t\t<\/div>","protected":false},"excerpt":{"rendered":"<p>Uzm. Dr. Gizem Mert ile Ger\u00e7ek Sa\u011fl\u0131kl\u0131 Onayl\u0131 Sonu\u00e7lar Elde Edin Dr. Gizem Mert, estetik uygulamalar\u0131nda bilimsel etik ve uzmanl\u0131\u011f\u0131, g\u00fcvenli ve do\u011fal sonu\u00e7lara d\u00f6n\u00fc\u015ft\u00fcr\u00fcr. Randevu Olu\u015fturun Dr. Gizem Mert&#8217;ten Randevu alabilirsiniz: Randevu Olu\u015fturun Uzm. Dr. Gizem Mert Botoks Botoks (Botulinum toksini), Clostridium botulinum adl\u0131 bakteriden elde edilen bir toksindir. S\u0131v\u0131 Y\u00fcz Germe S\u0131v\u0131 y\u00fcz [&hellip;]<\/p>","protected":false},"author":1,"featured_media":0,"parent":0,"menu_order":0,"comment_status":"closed","ping_status":"closed","template":"elementor_header_footer","meta":{"footnotes":""},"class_list":["post-59","page","type-page","status-publish","hentry"],"_hostinger_reach_plugin_has_subscription_block":false,"_hostinger_reach_plugin_is_elementor":false,"_links":{"self":[{"href":"https:\/\/www.drgizemmert.com\/el\/wp-json\/wp\/v2\/pages\/59","targetHints":{"allow":["GET"]}}],"collection":[{"href":"https:\/\/www.drgizemmert.com\/el\/wp-json\/wp\/v2\/pages"}],"about":[{"href":"https:\/\/www.drgizemmert.com\/el\/wp-json\/wp\/v2\/types\/page"}],"author":[{"embeddable":true,"href":"https:\/\/www.drgizemmert.com\/el\/wp-json\/wp\/v2\/users\/1"}],"replies":[{"embeddable":true,"href":"https:\/\/www.drgizemmert.com\/el\/wp-json\/wp\/v2\/comments?post=59"}],"version-history":[{"count":40,"href":"https:\/\/www.drgizemmert.com\/el\/wp-json\/wp\/v2\/pages\/59\/revisions"}],"predecessor-version":[{"id":209,"href":"https:\/\/www.drgizemmert.com\/el\/wp-json\/wp\/v2\/pages\/59\/revisions\/209"}],"wp:attachment":[{"href":"https:\/\/www.drgizemmert.com\/el\/wp-json\/wp\/v2\/media?parent=59"}],"curies":[{"name":"wp","href":"https:\/\/api.w.org\/{rel}","templated":true}]}}