{"id":59,"date":"2026-01-16T06:31:40","date_gmt":"2026-01-16T03:31:40","guid":{"rendered":"https:\/\/drgizemmert.com\/?page_id=59"},"modified":"2026-01-30T07:23:33","modified_gmt":"2026-01-30T04:23:33","slug":"ana-sayfa","status":"publish","type":"page","link":"https:\/\/www.drgizemmert.com\/de\/","title":{"rendered":"Hauptseite"},"content":{"rendered":"<div data-elementor-type=\"wp-page\" data-elementor-id=\"59\" class=\"elementor elementor-59\" data-elementor-post-type=\"page\">\n\t\t\t\t<div class=\"elementor-element elementor-element-2504839 e-flex e-con-boxed e-con e-parent\" data-id=\"2504839\" data-element_type=\"container\" data-settings=\"{&quot;background_background&quot;:&quot;classic&quot;}\">\n\t\t\t\t\t<div class=\"e-con-inner\">\n\t\t<div class=\"elementor-element elementor-element-1b4efc03 e-con-full e-flex elementor-invisible e-con e-child\" data-id=\"1b4efc03\" data-element_type=\"container\" data-settings=\"{&quot;animation&quot;:&quot;fadeIn&quot;}\">\n\t\t<div class=\"elementor-element elementor-element-4e4df74f e-con-full e-flex e-con e-child\" data-id=\"4e4df74f\" data-element_type=\"container\">\n\t\t<div class=\"elementor-element elementor-element-470efb0d e-con-full e-flex e-con e-child\" data-id=\"470efb0d\" data-element_type=\"container\">\n\t\t\t\t<div class=\"elementor-element elementor-element-226bd9a elementor-headline--style-rotate elementor-widget elementor-widget-animated-headline\" data-id=\"226bd9a\" data-element_type=\"widget\" data-settings=\"{&quot;headline_style&quot;:&quot;rotate&quot;,&quot;animation_type&quot;:&quot;drop-in&quot;,&quot;rotating_text&quot;:&quot;Ger\\u00e7ek\\nSa\\u011fl\\u0131kl\\u0131\\nOnayl\\u0131&quot;,&quot;loop&quot;:&quot;yes&quot;,&quot;rotate_iteration_delay&quot;:2500}\" data-widget_type=\"animated-headline.default\">\n\t\t\t\t\t\t\t<h3 class=\"elementor-headline elementor-headline-animation-type-drop-in\">\n\t\t\t\t\t<span class=\"elementor-headline-plain-text elementor-headline-text-wrapper\">Uzm. Dr. Gizem Mert und<\/span>\n\t\t\t\t<span class=\"elementor-headline-dynamic-wrapper elementor-headline-text-wrapper\">\n\t\t\t\t\t<span class=\"elementor-headline-dynamic-text elementor-headline-text-active\">\n\t\t\t\tDie Wahrheit\t\t\t<\/span>\n\t\t\t\t\t<span class=\"elementor-headline-dynamic-text\">\n\t\t\t\tGesunde\t\t\t<\/span>\n\t\t\t\t\t<span class=\"elementor-headline-dynamic-text\">\n\t\t\t\tGenehmigt\t\t\t<\/span>\n\t\t\t\t\t\t<\/span>\n\t\t\t\t\t<span class=\"elementor-headline-plain-text elementor-headline-text-wrapper\">Ergebnisse erzielen<\/span>\n\t\t\t\t\t<\/h3>\n\t\t\t\t\t\t<\/div>\n\t\t\t\t<div class=\"elementor-element elementor-element-ba56422 elementor-widget elementor-widget-text-editor\" data-id=\"ba56422\" data-element_type=\"widget\" data-widget_type=\"text-editor.default\">\n\t\t\t\t\t\t\t\t\t<p class=\"p1\"><span class=\"s1\"><b>Dr. Gizem Mert<\/b><\/span>, setzt die wissenschaftliche Ethik und das Fachwissen \u00fcber \u00e4sthetische Anwendungen in sichere und nat\u00fcrliche Ergebnisse um.<\/p>\t\t\t\t\t\t\t\t<\/div>\n\t\t\t\t<\/div>\n\t\t\t\t<div class=\"elementor-element elementor-element-62111cfb elementor-widget-mobile__width-inherit elementor-widget elementor-widget-tp-button\" data-id=\"62111cfb\" data-element_type=\"widget\" data-widget_type=\"tp-button.default\">\n\t\t\t\t\t<div class=\"pt-plus-button-wrapper   text-\"><div class=\"button_parallax  full-button\"><div id=\"button69e389e7eb2f0\"  class=\"text- ts-button content_hover_effect   full-button\" ><div class=\"pt_plus_button btn69e389e7eb2ee button-style-10  full-button\"  ><div class=\"animted-content-inner\"><a href=\"https:\/\/www.drgizemmert.com\/de\/randevu-olustur\/\" class=\"button-link-wrap\" role=\"button\" data-hover=\"Randevu Olu\u015fturun\"  >Einen Termin erstellen<\/a><\/div><\/div><\/div><\/div><\/div>\t\t\t\t<\/div>\n\t\t\t\t<\/div>\n\t\t\t\t<\/div>\n\t\t<div class=\"elementor-element elementor-element-761cf034 e-con-full e-flex elementor-invisible e-con e-child\" data-id=\"761cf034\" data-element_type=\"container\" data-settings=\"{&quot;animation&quot;:&quot;fadeIn&quot;}\">\n\t\t\t\t<div class=\"elementor-element elementor-element-4eb02de8 elementor-widget elementor-widget-image\" data-id=\"4eb02de8\" data-element_type=\"widget\" data-widget_type=\"image.default\">\n\t\t\t\t\t\t\t\t\t\t\t\t\t\t\t<img fetchpriority=\"high\" decoding=\"async\" width=\"1140\" height=\"1248\" src=\"https:\/\/www.drgizemmert.com\/wp-content\/uploads\/2026\/01\/dr-gizemmert.webp\" class=\"attachment-full size-full wp-image-78\" alt=\"\" srcset=\"https:\/\/www.drgizemmert.com\/wp-content\/uploads\/2026\/01\/dr-gizemmert.webp 1140w, https:\/\/www.drgizemmert.com\/wp-content\/uploads\/2026\/01\/dr-gizemmert-274x300.webp 274w, https:\/\/www.drgizemmert.com\/wp-content\/uploads\/2026\/01\/dr-gizemmert-935x1024.webp 935w, https:\/\/www.drgizemmert.com\/wp-content\/uploads\/2026\/01\/dr-gizemmert-768x841.webp 768w\" sizes=\"(max-width: 1140px) 100vw, 1140px\" \/>\t\t\t\t\t\t\t\t\t\t\t\t\t\t\t<\/div>\n\t\t\t\t<\/div>\n\t\t\t\t\t<\/div>\n\t\t\t\t<\/div>\n\t\t<div class=\"elementor-element elementor-element-7abc9939 e-flex e-con-boxed e-con e-parent\" data-id=\"7abc9939\" data-element_type=\"container\" data-settings=\"{&quot;background_background&quot;:&quot;classic&quot;}\">\n\t\t\t\t\t<div class=\"e-con-inner\">\n\t\t<div class=\"elementor-element elementor-element-d516d81 e-con-full e-flex e-con e-child\" data-id=\"d516d81\" data-element_type=\"container\">\n\t\t\t\t<div class=\"elementor-element elementor-element-2f92b150 elementor-widget__width-inherit elementor-widget elementor-widget-image\" data-id=\"2f92b150\" data-element_type=\"widget\" data-widget_type=\"image.default\">\n\t\t\t\t\t\t\t\t\t\t\t\t\t\t\t<img decoding=\"async\" src=\"https:\/\/www.drgizemmert.com\/wp-content\/uploads\/elementor\/thumbs\/cosmetician-hands-with-working-tools-patient-face-1-rieax5c6ig0tsqr9isippzi9zb91rz6txiyk73ocu2.jpg\" title=\"Kosmetikerin-H\u00e4nde-mit-Arbeitswerkzeugen-Patienten-Gesicht-1\" alt=\"cosmetician-hands-with-working-tools-patient-face-1\" loading=\"lazy\" \/>\t\t\t\t\t\t\t\t\t\t\t\t\t\t\t<\/div>\n\t\t<div class=\"elementor-element elementor-element-1e8f78ac e-con-full e-flex e-con e-child\" data-id=\"1e8f78ac\" data-element_type=\"container\" data-settings=\"{&quot;background_background&quot;:&quot;classic&quot;}\">\n\t\t\t\t<div class=\"elementor-element elementor-element-9408fe2 text-left elementor-widget elementor-widget-tp-adv-text-block\" data-id=\"9408fe2\" data-element_type=\"widget\" data-widget_type=\"tp-adv-text-block.default\">\n\t\t\t\t\t<div class=\"pt-plus-text-block-wrapper\" ><div class=\"text_block_parallax\"><div class=\"pt_plus_adv_text_block\" ><div class=\"text-content-block\"><p>Sie k\u00f6nnen einen Termin mit Dr. Gizem Mert vereinbaren:<\/p><\/div><\/div><\/div><\/div>\t\t\t\t<\/div>\n\t\t\t\t<div class=\"elementor-element elementor-element-5e457a8a elementor-widget-mobile__width-inherit elementor-widget elementor-widget-tp-button\" data-id=\"5e457a8a\" data-element_type=\"widget\" data-widget_type=\"tp-button.default\">\n\t\t\t\t\t<div class=\"pt-plus-button-wrapper   text-\"><div class=\"button_parallax  full-button\"><div id=\"button69e389e7eb614\"  class=\"text- ts-button content_hover_effect   full-button\" ><div class=\"pt_plus_button btn69e389e7eb613 button-style-10  full-button\"  ><div class=\"animted-content-inner\"><a href=\"https:\/\/www.drgizemmert.com\/de\/randevu-olustur\/\" class=\"button-link-wrap\" role=\"button\" data-hover=\"Randevu Olu\u015fturun\"  >Einen Termin erstellen<\/a><\/div><\/div><\/div><\/div><\/div>\t\t\t\t<\/div>\n\t\t\t\t<\/div>\n\t\t\t\t<\/div>\n\t\t<div class=\"elementor-element elementor-element-367952ee e-con-full e-flex e-con e-child\" data-id=\"367952ee\" data-element_type=\"container\">\n\t\t<div class=\"elementor-element elementor-element-5e4f8f05 e-con-full e-flex e-con e-child\" data-id=\"5e4f8f05\" data-element_type=\"container\">\n\t\t\t\t<div class=\"elementor-element elementor-element-259400b8 text-left text--mobilecenter elementor-widget elementor-widget-tp-heading-title\" data-id=\"259400b8\" data-element_type=\"widget\" data-widget_type=\"tp-heading-title.default\">\n\t\t\t\t\t<div class=\"heading heading_style heading_style69e389e7ec162 style-1\" ><div class=\"sub-style\" ><div class=\"head-title\" > <h2  class=\"heading-title\"  data-hover=\"Uzm. Dr. Gizem Mert\">Uzm. Dr. Gizem Mert<span class=\"title-s\">  <\/span><\/h2><\/div><\/div><\/div>\t\t\t\t<\/div>\n\t\t\t\t<\/div>\n\t\t<div class=\"elementor-element elementor-element-709bbb31 e-con-full e-flex e-con e-child\" data-id=\"709bbb31\" data-element_type=\"container\">\n\t\t<div class=\"elementor-element elementor-element-7cbe7a0d e-con-full e-flex e-con e-child\" data-id=\"7cbe7a0d\" data-element_type=\"container\">\n\t\t<div class=\"elementor-element elementor-element-78d07c19 e-con-full e-flex e-con e-child\" data-id=\"78d07c19\" data-element_type=\"container\" data-settings=\"{&quot;background_background&quot;:&quot;classic&quot;}\">\n\t\t\t\t<div class=\"elementor-element elementor-element-327b7ea6 elementor-widget elementor-widget-image-box\" data-id=\"327b7ea6\" data-element_type=\"widget\" data-widget_type=\"image-box.default\">\n\t\t\t\t\t<div class=\"elementor-image-box-wrapper\"><div class=\"elementor-image-box-content\"><h3 class=\"elementor-image-box-title\">Botox<\/h3><p class=\"elementor-image-box-description\">Botox (Botulinumtoxin) ist ein Toxin, das aus dem Bakterium Clostridium botulinum gewonnen wird.<\/p><\/div><\/div>\t\t\t\t<\/div>\n\t\t\t\t<\/div>\n\t\t<div class=\"elementor-element elementor-element-78ff0e1 e-con-full e-flex e-con e-child\" data-id=\"78ff0e1\" data-element_type=\"container\" data-settings=\"{&quot;background_background&quot;:&quot;classic&quot;}\">\n\t\t\t\t<div class=\"elementor-element elementor-element-3a3ce134 elementor-widget elementor-widget-image-box\" data-id=\"3a3ce134\" data-element_type=\"widget\" data-widget_type=\"image-box.default\">\n\t\t\t\t\t<div class=\"elementor-image-box-wrapper\"><div class=\"elementor-image-box-content\"><h3 class=\"elementor-image-box-title\">Fl\u00fcssiges Facelifting<\/h3><p class=\"elementor-image-box-description\">Liquid Facelift ist eine nicht-chirurgische Verj\u00fcngungsmethode. <\/p><\/div><\/div>\t\t\t\t<\/div>\n\t\t\t\t<\/div>\n\t\t\t\t<\/div>\n\t\t<div class=\"elementor-element elementor-element-17ebcb5f e-con-full e-flex e-con e-child\" data-id=\"17ebcb5f\" data-element_type=\"container\">\n\t\t<div class=\"elementor-element elementor-element-5aa65c32 e-con-full e-flex e-con e-child\" data-id=\"5aa65c32\" data-element_type=\"container\" data-settings=\"{&quot;background_background&quot;:&quot;classic&quot;}\">\n\t\t\t\t<div class=\"elementor-element elementor-element-16658117 elementor-widget elementor-widget-image-box\" data-id=\"16658117\" data-element_type=\"widget\" data-widget_type=\"image-box.default\">\n\t\t\t\t\t<div class=\"elementor-image-box-wrapper\"><div class=\"elementor-image-box-content\"><h3 class=\"elementor-image-box-title\">Lippenauff\u00fcller<\/h3><p class=\"elementor-image-box-description\">Unter Lippenauff\u00fcllung versteht man die nicht-chirurgische Injektion von speziellen F\u00fcllstoffen in die Lippen, um das gew\u00fcnschte Aussehen der Lippen zu erreichen.<\/p><\/div><\/div>\t\t\t\t<\/div>\n\t\t\t\t<\/div>\n\t\t<div class=\"elementor-element elementor-element-221cbfd4 e-con-full e-flex e-con e-child\" data-id=\"221cbfd4\" data-element_type=\"container\" data-settings=\"{&quot;background_background&quot;:&quot;classic&quot;}\">\n\t\t\t\t<div class=\"elementor-element elementor-element-1e27f6de elementor-widget elementor-widget-image-box\" data-id=\"1e27f6de\" data-element_type=\"widget\" data-widget_type=\"image-box.default\">\n\t\t\t\t\t<div class=\"elementor-image-box-wrapper\"><div class=\"elementor-image-box-content\"><h3 class=\"elementor-image-box-title\">Verj\u00fcngung der Haut<\/h3><p class=\"elementor-image-box-description\">Anwendungen zur Hautverj\u00fcngung umfassen \u00e4sthetische Methoden, die ohne chirurgischen Eingriff angewendet werden, um die Elastizit\u00e4t und Vitalit\u00e4t der Haut zu verbessern.\n<\/p><\/div><\/div>\t\t\t\t<\/div>\n\t\t\t\t<\/div>\n\t\t\t\t<\/div>\n\t\t\t\t<\/div>\n\t\t\t\t<\/div>\n\t\t\t\t\t<\/div>\n\t\t\t\t<\/div>\n\t\t\t\t<\/div>","protected":false},"excerpt":{"rendered":"<p>Uzm. Dr. Gizem Mert ile Ger\u00e7ek Sa\u011fl\u0131kl\u0131 Onayl\u0131 Sonu\u00e7lar Elde Edin Dr. Gizem Mert, estetik uygulamalar\u0131nda bilimsel etik ve uzmanl\u0131\u011f\u0131, g\u00fcvenli ve do\u011fal sonu\u00e7lara d\u00f6n\u00fc\u015ft\u00fcr\u00fcr. Randevu Olu\u015fturun Dr. Gizem Mert&#8217;ten Randevu alabilirsiniz: Randevu Olu\u015fturun Uzm. Dr. Gizem Mert Botoks Botoks (Botulinum toksini), Clostridium botulinum adl\u0131 bakteriden elde edilen bir toksindir. S\u0131v\u0131 Y\u00fcz Germe S\u0131v\u0131 y\u00fcz [&hellip;]<\/p>","protected":false},"author":1,"featured_media":0,"parent":0,"menu_order":0,"comment_status":"closed","ping_status":"closed","template":"elementor_header_footer","meta":{"footnotes":""},"class_list":["post-59","page","type-page","status-publish","hentry"],"_hostinger_reach_plugin_has_subscription_block":false,"_hostinger_reach_plugin_is_elementor":false,"_links":{"self":[{"href":"https:\/\/www.drgizemmert.com\/de\/wp-json\/wp\/v2\/pages\/59","targetHints":{"allow":["GET"]}}],"collection":[{"href":"https:\/\/www.drgizemmert.com\/de\/wp-json\/wp\/v2\/pages"}],"about":[{"href":"https:\/\/www.drgizemmert.com\/de\/wp-json\/wp\/v2\/types\/page"}],"author":[{"embeddable":true,"href":"https:\/\/www.drgizemmert.com\/de\/wp-json\/wp\/v2\/users\/1"}],"replies":[{"embeddable":true,"href":"https:\/\/www.drgizemmert.com\/de\/wp-json\/wp\/v2\/comments?post=59"}],"version-history":[{"count":40,"href":"https:\/\/www.drgizemmert.com\/de\/wp-json\/wp\/v2\/pages\/59\/revisions"}],"predecessor-version":[{"id":209,"href":"https:\/\/www.drgizemmert.com\/de\/wp-json\/wp\/v2\/pages\/59\/revisions\/209"}],"wp:attachment":[{"href":"https:\/\/www.drgizemmert.com\/de\/wp-json\/wp\/v2\/media?parent=59"}],"curies":[{"name":"wp","href":"https:\/\/api.w.org\/{rel}","templated":true}]}}