{"id":128,"date":"2026-01-30T05:41:10","date_gmt":"2026-01-30T02:41:10","guid":{"rendered":"https:\/\/www.drgizemmert.com\/?page_id=128"},"modified":"2026-01-30T06:37:58","modified_gmt":"2026-01-30T03:37:58","slug":"dr-gizem-mert-hakkinda","status":"publish","type":"page","link":"https:\/\/www.drgizemmert.com\/de\/dr-gizem-mert-hakkinda\/","title":{"rendered":"\u00dcber Dr. Gizem Mert"},"content":{"rendered":"<div data-elementor-type=\"wp-page\" data-elementor-id=\"128\" class=\"elementor elementor-128\" data-elementor-post-type=\"page\">\n\t\t\t\t<div class=\"elementor-element elementor-element-320a96ef e-flex e-con-boxed e-con e-parent\" data-id=\"320a96ef\" data-element_type=\"container\" data-settings=\"{&quot;background_background&quot;:&quot;classic&quot;}\">\n\t\t\t\t\t<div class=\"e-con-inner\">\n\t\t\t\t<div class=\"elementor-element elementor-element-86d3651 elementor-widget elementor-widget-heading\" data-id=\"86d3651\" data-element_type=\"widget\" data-widget_type=\"heading.default\">\n\t\t\t\t\t<h2 class=\"elementor-heading-title elementor-size-default\">\u00dcber Dr. Gizem Mert<\/h2>\t\t\t\t<\/div>\n\t\t\t\t\t<\/div>\n\t\t\t\t<\/div>\n\t\t<div class=\"elementor-element elementor-element-498d963 e-flex e-con-boxed e-con e-parent\" data-id=\"498d963\" data-element_type=\"container\" data-settings=\"{&quot;background_background&quot;:&quot;classic&quot;}\">\n\t\t\t\t\t<div class=\"e-con-inner\">\n\t\t<div class=\"elementor-element elementor-element-c3aff2d e-con-full e-flex elementor-invisible e-con e-child\" data-id=\"c3aff2d\" data-element_type=\"container\" data-settings=\"{&quot;animation&quot;:&quot;fadeIn&quot;}\">\n\t\t<div class=\"elementor-element elementor-element-33b4158 e-con-full e-flex e-con e-child\" data-id=\"33b4158\" data-element_type=\"container\">\n\t\t<div class=\"elementor-element elementor-element-a2005ad e-con-full e-flex e-con e-child\" data-id=\"a2005ad\" data-element_type=\"container\">\n\t\t\t\t<div class=\"elementor-element elementor-element-ea0166b elementor-widget elementor-widget-text-editor\" data-id=\"ea0166b\" data-element_type=\"widget\" data-widget_type=\"text-editor.default\">\n\t\t\t\t\t\t\t\t\t<p class=\"p1\">Ich wurde in Edirne geboren und besuchte die Grundschule an der Edirne Trakya Birlik Schule. Mein Abitur habe ich an der Edirne Anatolian High School gemacht. 2004 habe ich mich an der Yeditepe Universit\u00e4t in Englisch (mit Stipendium) an der medizinischen Fakult\u00e4t eingeschrieben, wovon ich seit meiner Kindheit getr\u00e4umt habe.<\/p><p class=\"p1\">Im letzten Jahr meines Medizinstudiums wechselte ich an die Medizinische Fakult\u00e4t der Trakya Universit\u00e4t, um zu meiner Familie zur\u00fcckzukehren. 2011 schloss ich hier mein Studium ab. Ich suchte nach dem passenden Fachbereich f\u00fcr meine medizinisch-\u00e4sthetische Karriere, die in meiner Schulzeit gepr\u00e4gt wurde und nun mein Traum ist. Ich entschied mich f\u00fcr die Spezialisierung in der Abteilung f\u00fcr An\u00e4sthesiologie und Reanimation, um schmerzfreie und komfortable Eingriffe durchzuf\u00fchren, erste Interventionen in lebensbedrohlichen Notfallsituationen wie Anaphylaxie durchzuf\u00fchren, Erfahrung und Beherrschung von Injektionsverfahren und insbesondere von sensiblen Injektionsverfahren zu sammeln.<\/p><p class=\"p1\">Ich habe meine Facharztausbildung an der Medizinischen Fakult\u00e4t der Trakya-Universit\u00e4t, Abteilung f\u00fcr An\u00e4sthesiologie und Reanimation, begonnen, um mein Fachgebiet in der N\u00e4he meiner Familie zu absolvieren. Ich habe meine Facharztausbildung 2018 abgeschlossen. Nachdem ich meine staatliche Dienstverpflichtung am K\u0131rklareli Training and Research Hospital und am Edirne Sultan 1st Murad Hospital erf\u00fcllt hatte, habe ich meinen \u00f6ffentlichen Dienst aufgegeben.<\/p><p class=\"p1\">Ich habe an in- und ausl\u00e4ndischen Kursen, Seminaren und Workshops teilgenommen, um meine Erfahrungen und Kenntnisse im Bereich der medizinischen \u00c4sthetik sowohl w\u00e4hrend meiner Spezialisierung als auch in der Zeit nach meiner Emeritierung zu erweitern und den Bereich der Medizin unter wissenschaftlich-ethischen Gesichtspunkten zu gestalten...<\/p><p class=\"p1\">Ich hatte die M\u00f6glichkeit, mit erfahrenen \u00c4rzten in einer bekannten Klinik in Istanbul zu arbeiten. Da es in unserem Land keinen Masterstudiengang im Bereich der medizinisch-\u00e4sthetischen Expertise gibt, habe ich mich w\u00e4hrend meiner Spezialisierung an medizinisch-\u00e4sthetische Masterstudieng\u00e4nge in Europa gewandt. In diesem von der Europ\u00e4ischen Union anerkannten Masterstudiengang werden alle bestehenden und derzeit angewandten medizinischen Verfahren unter Ber\u00fccksichtigung aktueller wissenschaftlicher Daten praxisnah vermittelt.<\/p><p class=\"p1\">Mein Ziel, das ich mit diesem Programm verfolge, ist es, mir der Tatsache bewusst zu werden, dass ich mich in meinem Leben und in meinem Beruf, den ich immer aus\u00fcben m\u00f6chte, immer wieder erneuern werde, um die Informationen zu lernen, die f\u00fcr die heutige Zeit aktuell sind, um in der Lage zu sein, sich an alle positiven Erkenntnisse anzupassen, die sich in der sich st\u00e4ndig ver\u00e4ndernden und aktualisierten Wissenschaft unterscheiden, um immer ein Praktiker, ein Lernender, ein Entwickler zu sein; den Beruf, den ich liebe, besser aus\u00fcben zu k\u00f6nnen, ist eines meiner gr\u00f6\u00dften Ziele.<\/p>\t\t\t\t\t\t\t\t<\/div>\n\t\t\t\t<\/div>\n\t\t\t\t<div class=\"elementor-element elementor-element-2becadb elementor-widget-mobile__width-inherit elementor-widget elementor-widget-tp-button\" data-id=\"2becadb\" data-element_type=\"widget\" data-widget_type=\"tp-button.default\">\n\t\t\t\t\t<div class=\"pt-plus-button-wrapper   text-\"><div class=\"button_parallax  full-button\"><div id=\"button69e38aa1421eb\"  class=\"text- ts-button content_hover_effect   full-button\" ><div class=\"pt_plus_button btn69e38aa1421ea button-style-10  full-button\"  ><div class=\"animted-content-inner\"><a href=\"https:\/\/www.drgizemmert.com\/de\/randevu-olustur\/\" class=\"button-link-wrap\" role=\"button\" data-hover=\"Randevu Olu\u015fturun\"  >Einen Termin erstellen<\/a><\/div><\/div><\/div><\/div><\/div>\t\t\t\t<\/div>\n\t\t\t\t<\/div>\n\t\t\t\t<\/div>\n\t\t\t\t\t<\/div>\n\t\t\t\t<\/div>\n\t\t\t\t<\/div>","protected":false},"excerpt":{"rendered":"<p>Dr. Gizem Mert Hakk\u0131nda Ben Doktor Gizem MERT. Edirne do\u011fumluyum. \u0130lkokulu Edirne Trakya Birlik Okulu\u2019nda okudum. Ortaokul ve lise \u00f6\u011frenimimi Edirne Anadolu Lisesi\u2019nde tamamlad\u0131m. 2004 y\u0131l\u0131nda \u00e7ocuklu\u011fumdan beri hayalim olan t\u0131p fak\u00fcltesini, Yeditepe \u00dcniversitesi \u0130ngilizce (burslu) olarak kazand\u0131m. T\u0131p fak\u00fcltesinin son y\u0131l\u0131nda ailemin yan\u0131na d\u00f6nmek i\u00e7in Trakya \u00dcniversitesi T\u0131p Fak\u00fcltesi\u2019ne ge\u00e7i\u015f yapt\u0131m. 2011 y\u0131l\u0131nda buradan [&hellip;]<\/p>","protected":false},"author":1,"featured_media":0,"parent":0,"menu_order":0,"comment_status":"closed","ping_status":"closed","template":"elementor_header_footer","meta":{"footnotes":""},"class_list":["post-128","page","type-page","status-publish","hentry"],"_hostinger_reach_plugin_has_subscription_block":false,"_hostinger_reach_plugin_is_elementor":false,"_links":{"self":[{"href":"https:\/\/www.drgizemmert.com\/de\/wp-json\/wp\/v2\/pages\/128","targetHints":{"allow":["GET"]}}],"collection":[{"href":"https:\/\/www.drgizemmert.com\/de\/wp-json\/wp\/v2\/pages"}],"about":[{"href":"https:\/\/www.drgizemmert.com\/de\/wp-json\/wp\/v2\/types\/page"}],"author":[{"embeddable":true,"href":"https:\/\/www.drgizemmert.com\/de\/wp-json\/wp\/v2\/users\/1"}],"replies":[{"embeddable":true,"href":"https:\/\/www.drgizemmert.com\/de\/wp-json\/wp\/v2\/comments?post=128"}],"version-history":[{"count":13,"href":"https:\/\/www.drgizemmert.com\/de\/wp-json\/wp\/v2\/pages\/128\/revisions"}],"predecessor-version":[{"id":193,"href":"https:\/\/www.drgizemmert.com\/de\/wp-json\/wp\/v2\/pages\/128\/revisions\/193"}],"wp:attachment":[{"href":"https:\/\/www.drgizemmert.com\/de\/wp-json\/wp\/v2\/media?parent=128"}],"curies":[{"name":"wp","href":"https:\/\/api.w.org\/{rel}","templated":true}]}}