{"id":128,"date":"2026-01-30T05:41:10","date_gmt":"2026-01-30T02:41:10","guid":{"rendered":"https:\/\/www.drgizemmert.com\/?page_id=128"},"modified":"2026-01-30T06:37:58","modified_gmt":"2026-01-30T03:37:58","slug":"dr-gizem-mert-hakkinda","status":"publish","type":"page","link":"https:\/\/www.drgizemmert.com\/bg\/dr-gizem-mert-hakkinda\/","title":{"rendered":"\u0417\u0430 \u0434-\u0440 \u0413\u0438\u0437\u0435\u043c \u041c\u0435\u0440\u0442"},"content":{"rendered":"<div data-elementor-type=\"wp-page\" data-elementor-id=\"128\" class=\"elementor elementor-128\" data-elementor-post-type=\"page\">\n\t\t\t\t<div class=\"elementor-element elementor-element-320a96ef e-flex e-con-boxed e-con e-parent\" data-id=\"320a96ef\" data-element_type=\"container\" data-settings=\"{&quot;background_background&quot;:&quot;classic&quot;}\">\n\t\t\t\t\t<div class=\"e-con-inner\">\n\t\t\t\t<div class=\"elementor-element elementor-element-86d3651 elementor-widget elementor-widget-heading\" data-id=\"86d3651\" data-element_type=\"widget\" data-widget_type=\"heading.default\">\n\t\t\t\t\t<h2 class=\"elementor-heading-title elementor-size-default\">\u0417\u0430 \u0434-\u0440 \u0413\u0438\u0437\u0435\u043c \u041c\u0435\u0440\u0442<\/h2>\t\t\t\t<\/div>\n\t\t\t\t\t<\/div>\n\t\t\t\t<\/div>\n\t\t<div class=\"elementor-element elementor-element-498d963 e-flex e-con-boxed e-con e-parent\" data-id=\"498d963\" data-element_type=\"container\" data-settings=\"{&quot;background_background&quot;:&quot;classic&quot;}\">\n\t\t\t\t\t<div class=\"e-con-inner\">\n\t\t<div class=\"elementor-element elementor-element-c3aff2d e-con-full e-flex elementor-invisible e-con e-child\" data-id=\"c3aff2d\" data-element_type=\"container\" data-settings=\"{&quot;animation&quot;:&quot;fadeIn&quot;}\">\n\t\t<div class=\"elementor-element elementor-element-33b4158 e-con-full e-flex e-con e-child\" data-id=\"33b4158\" data-element_type=\"container\">\n\t\t<div class=\"elementor-element elementor-element-a2005ad e-con-full e-flex e-con e-child\" data-id=\"a2005ad\" data-element_type=\"container\">\n\t\t\t\t<div class=\"elementor-element elementor-element-ea0166b elementor-widget elementor-widget-text-editor\" data-id=\"ea0166b\" data-element_type=\"widget\" data-widget_type=\"text-editor.default\">\n\t\t\t\t\t\t\t\t\t<p class=\"p1\">\u0420\u043e\u0434\u0435\u043d \u0441\u044a\u043c \u0432 \u041e\u0434\u0440\u0438\u043d \u0438 \u043f\u043e\u0441\u0435\u0449\u0430\u0432\u0430\u0445 \u043d\u0430\u0447\u0430\u043b\u043d\u043e\u0442\u043e \u0443\u0447\u0438\u043b\u0438\u0449\u0435 \u0432 Edirne Trakya Birlik School. \u0417\u0430\u0432\u044a\u0440\u0448\u0438\u0445 \u0441\u0440\u0435\u0434\u043d\u043e\u0442\u043e \u0438 \u0433\u0438\u043c\u043d\u0430\u0437\u0438\u0430\u043b\u043d\u043e\u0442\u043e \u0441\u0438 \u043e\u0431\u0440\u0430\u0437\u043e\u0432\u0430\u043d\u0438\u0435 \u0432 Edirne Anatolian High School. \u041f\u0440\u0435\u0437 2004 \u0433. \u0441\u0435 \u0437\u0430\u043f\u0438\u0441\u0430\u0445 \u0432 \u0443\u043d\u0438\u0432\u0435\u0440\u0441\u0438\u0442\u0435\u0442\u0430 Yeditepe \u043d\u0430 \u0430\u043d\u0433\u043b\u0438\u0439\u0441\u043a\u0438 \u0435\u0437\u0438\u043a (\u0441\u044a\u0441 \u0441\u0442\u0438\u043f\u0435\u043d\u0434\u0438\u044f) \u0432 \u041c\u0435\u0434\u0438\u0446\u0438\u043d\u0441\u043a\u0438\u044f \u0444\u0430\u043a\u0443\u043b\u0442\u0435\u0442, \u043a\u043e\u0435\u0442\u043e \u0431\u0435\u0448\u0435 \u043c\u043e\u044f \u043c\u0435\u0447\u0442\u0430 \u043e\u0442 \u0434\u0435\u0442\u0441\u0442\u0432\u043e\u0442\u043e \u043c\u0438.<\/p><p class=\"p1\">\u0412 \u043f\u043e\u0441\u043b\u0435\u0434\u043d\u0430\u0442\u0430 \u0433\u043e\u0434\u0438\u043d\u0430 \u043d\u0430 \u043c\u0435\u0434\u0438\u0446\u0438\u043d\u0441\u043a\u043e\u0442\u043e \u0443\u0447\u0438\u043b\u0438\u0449\u0435 \u0441\u0435 \u043f\u0440\u0435\u0445\u0432\u044a\u0440\u043b\u0438\u0445 \u0432 \u041c\u0435\u0434\u0438\u0446\u0438\u043d\u0441\u043a\u0438\u044f \u0444\u0430\u043a\u0443\u043b\u0442\u0435\u0442 \u043d\u0430 \u0443\u043d\u0438\u0432\u0435\u0440\u0441\u0438\u0442\u0435\u0442\u0430 \"\u0422\u0440\u0430\u043a\u0438\u044f\", \u0437\u0430 \u0434\u0430 \u0441\u0435 \u0432\u044a\u0440\u043d\u0430 \u043f\u0440\u0438 \u0441\u0435\u043c\u0435\u0439\u0441\u0442\u0432\u043e\u0442\u043e \u0441\u0438. \u0417\u0430\u0432\u044a\u0440\u0448\u0438\u0445 \u0442\u0443\u043a \u043f\u0440\u0435\u0437 2011 \u0433. \u0422\u044a\u0440\u0441\u0435\u0445 \u043f\u043e\u0434\u0445\u043e\u0434\u044f\u0449\u043e\u0442\u043e \u043e\u0442\u0434\u0435\u043b\u0435\u043d\u0438\u0435 \u0437\u0430 \u043c\u043e\u044f\u0442\u0430 \u0435\u0441\u0442\u0435\u0442\u0438\u0447\u043d\u0430 \u043c\u0435\u0434\u0438\u0446\u0438\u043d\u0441\u043a\u0430 \u043a\u0430\u0440\u0438\u0435\u0440\u0430, \u043a\u043e\u044f\u0442\u043e \u0441\u0435 \u043e\u0444\u043e\u0440\u043c\u0438 \u0432 \u0443\u0447\u0438\u043b\u0438\u0449\u043d\u0438\u044f \u043c\u0438 \u0436\u0438\u0432\u043e\u0442 \u0438 \u0441\u0435\u0433\u0430 \u0435 \u043c\u043e\u044f \u043c\u0435\u0447\u0442\u0430. \u0418\u0437\u0431\u0440\u0430\u0445 \u0434\u0430 \u0441\u043f\u0435\u0446\u0438\u0430\u043b\u0438\u0437\u0438\u0440\u0430\u043c \u0432 \u043e\u0442\u0434\u0435\u043b\u0435\u043d\u0438\u0435\u0442\u043e \u043f\u043e \u0430\u043d\u0435\u0441\u0442\u0435\u0437\u0438\u043e\u043b\u043e\u0433\u0438\u044f \u0438 \u0440\u0435\u0430\u043d\u0438\u043c\u0430\u0446\u0438\u044f, \u0437\u0430 \u0434\u0430 \u0438\u0437\u0432\u044a\u0440\u0448\u0432\u0430\u043c \u0431\u0435\u0437\u0431\u043e\u043b\u0435\u0437\u043d\u0435\u043d\u0438 \u0438 \u043a\u043e\u043c\u0444\u043e\u0440\u0442\u043d\u0438 \u043f\u0440\u043e\u0446\u0435\u0434\u0443\u0440\u0438, \u0434\u0430 \u043f\u0440\u0438\u043b\u0430\u0433\u0430\u043c \u043f\u044a\u0440\u0432\u0430 \u043d\u0430\u043c\u0435\u0441\u0430 \u043f\u0440\u0438 \u0441\u043f\u0435\u0448\u043d\u0438 \u0436\u0438\u0432\u043e\u0442\u043e\u0437\u0430\u0441\u0442\u0440\u0430\u0448\u0430\u0432\u0430\u0449\u0438 \u0441\u0438\u0442\u0443\u0430\u0446\u0438\u0438 \u043a\u0430\u0442\u043e \u0430\u043d\u0430\u0444\u0438\u043b\u0430\u043a\u0441\u0438\u044f, \u0434\u0430 \u043f\u0440\u0438\u0434\u043e\u0431\u0438\u044f \u043e\u043f\u0438\u0442 \u0438 \u043c\u0430\u0439\u0441\u0442\u043e\u0440\u0441\u0442\u0432\u043e \u0432 \u0438\u043d\u0436\u0435\u043a\u0446\u0438\u043e\u043d\u043d\u0438\u0442\u0435 \u043f\u0440\u043e\u0446\u0435\u0434\u0443\u0440\u0438 \u0438 \u043e\u0441\u043e\u0431\u0435\u043d\u043e \u0432 \u0447\u0443\u0432\u0441\u0442\u0432\u0438\u0442\u0435\u043b\u043d\u0438\u0442\u0435 \u0438\u043d\u0436\u0435\u043a\u0446\u0438\u043e\u043d\u043d\u0438 \u043f\u0440\u043e\u0446\u0435\u0434\u0443\u0440\u0438.<\/p><p class=\"p1\">\u0417\u0430\u043f\u043e\u0447\u043d\u0430\u0445 \u043e\u0431\u0443\u0447\u0435\u043d\u0438\u0435\u0442\u043e \u0441\u0438 \u043f\u043e \u0441\u043f\u0435\u0446\u0438\u0430\u043b\u043d\u043e\u0441\u0442\u0442\u0430 \u0432 \u041c\u0435\u0434\u0438\u0446\u0438\u043d\u0441\u043a\u0438\u044f \u0444\u0430\u043a\u0443\u043b\u0442\u0435\u0442 \u043d\u0430 \u0443\u043d\u0438\u0432\u0435\u0440\u0441\u0438\u0442\u0435\u0442\u0430 Trakya, \u043a\u0430\u0442\u0435\u0434\u0440\u0430 \"\u0410\u043d\u0435\u0441\u0442\u0435\u0437\u0438\u043e\u043b\u043e\u0433\u0438\u044f \u0438 \u0440\u0435\u0430\u043d\u0438\u043c\u0430\u0446\u0438\u044f\", \u0437\u0430 \u0434\u0430 \u0437\u0430\u0432\u044a\u0440\u0448\u0430 \u0441\u043f\u0435\u0446\u0438\u0430\u043b\u043d\u043e\u0441\u0442\u0442\u0430 \u0441\u0438 \u0431\u043b\u0438\u0437\u043e \u0434\u043e \u0441\u0435\u043c\u0435\u0439\u0441\u0442\u0432\u043e\u0442\u043e \u0441\u0438. \u0417\u0430\u0432\u044a\u0440\u0448\u0438\u0445 \u043e\u0431\u0443\u0447\u0435\u043d\u0438\u0435\u0442\u043e \u0441\u0438 \u043f\u043e \u0441\u043f\u0435\u0446\u0438\u0430\u043b\u043d\u043e\u0441\u0442\u0442\u0430 \u043f\u0440\u0435\u0437 2018 \u0433. \u0421\u043b\u0435\u0434 \u043a\u0430\u0442\u043e \u0438\u0437\u043f\u044a\u043b\u043d\u0438\u0445 \u0437\u0430\u0434\u044a\u043b\u0436\u0435\u043d\u0438\u0435\u0442\u043e \u0441\u0438 \u0437\u0430 \u0434\u044a\u0440\u0436\u0430\u0432\u043d\u0430 \u0441\u043b\u0443\u0436\u0431\u0430 \u0432 \u0431\u043e\u043b\u043d\u0438\u0446\u0430\u0442\u0430 \u0437\u0430 \u043e\u0431\u0443\u0447\u0435\u043d\u0438\u0435 \u0438 \u0438\u0437\u0441\u043b\u0435\u0434\u0432\u0430\u043d\u0438\u044f \u0432 \u041a\u044a\u0440\u043a\u043b\u0430\u0440\u0435\u043b\u0438 \u0438 \u0431\u043e\u043b\u043d\u0438\u0446\u0430\u0442\u0430 \"Edirne Sultan 1st Murad\", \u0441\u0435 \u043e\u0442\u0442\u0435\u0433\u043b\u0438\u0445 \u043e\u0442 \u0434\u044a\u0440\u0436\u0430\u0432\u043d\u0430\u0442\u0430 \u0441\u0438 \u0441\u043b\u0443\u0436\u0431\u0430.<\/p><p class=\"p1\">\u0423\u0447\u0430\u0441\u0442\u0432\u0430\u0445 \u0432 \u043d\u0430\u0446\u0438\u043e\u043d\u0430\u043b\u043d\u0438 \u0438 \u043c\u0435\u0436\u0434\u0443\u043d\u0430\u0440\u043e\u0434\u043d\u0438 \u043a\u0443\u0440\u0441\u043e\u0432\u0435, \u0441\u0435\u043c\u0438\u043d\u0430\u0440\u0438 \u0438 \u0440\u0430\u0431\u043e\u0442\u043d\u0438 \u0441\u0440\u0435\u0449\u0438, \u0437\u0430 \u0434\u0430 \u0443\u0432\u0435\u043b\u0438\u0447\u0430 \u043e\u043f\u0438\u0442\u0430 \u0438 \u0437\u043d\u0430\u043d\u0438\u044f\u0442\u0430 \u0441\u0438 \u0432 \u043e\u0431\u043b\u0430\u0441\u0442\u0442\u0430 \u043d\u0430 \u043c\u0435\u0434\u0438\u0446\u0438\u043d\u0441\u043a\u0430\u0442\u0430 \u0435\u0441\u0442\u0435\u0442\u0438\u043a\u0430 \u043a\u0430\u043a\u0442\u043e \u043f\u043e \u0432\u0440\u0435\u043c\u0435 \u043d\u0430 \u0441\u043f\u0435\u0446\u0438\u0430\u043b\u0438\u0437\u0430\u0446\u0438\u044f\u0442\u0430, \u0442\u0430\u043a\u0430 \u0438 \u0432 \u043f\u0440\u043e\u0446\u0435\u0441\u0430 \u043d\u0430 \u0441\u043b\u0435\u0434\u0434\u0438\u043f\u043b\u043e\u043c\u043d\u0430 \u043a\u0432\u0430\u043b\u0438\u0444\u0438\u043a\u0430\u0446\u0438\u044f, \u0438 \u0434\u0430 \u043e\u0444\u043e\u0440\u043c\u044f \u043e\u0431\u043b\u0430\u0441\u0442\u0442\u0430 \u043d\u0430 \u043c\u0435\u0434\u0438\u0446\u0438\u043d\u0430\u0442\u0430 \u0432 \u0441\u044a\u043e\u0442\u0432\u0435\u0442\u0441\u0442\u0432\u0438\u0435 \u0441 \u043d\u0430\u0443\u0447\u043d\u0430\u0442\u0430 \u0435\u0442\u0438\u043a\u0430. \u0412 \u043f\u0440\u043e\u0446\u0435\u0441\u0430 \u043d\u0430 \u0441\u043b\u0435\u0434\u0434\u0438\u043f\u043b\u043e\u043c\u043d\u0430 \u043a\u0432\u0430\u043b\u0438\u0444\u0438\u043a\u0430\u0446\u0438\u044f ...<\/p><p class=\"p1\">\u0418\u043c\u0430\u0445 \u0432\u044a\u0437\u043c\u043e\u0436\u043d\u043e\u0441\u0442 \u0434\u0430 \u0440\u0430\u0431\u043e\u0442\u044f \u0441 \u043e\u043f\u0438\u0442\u043d\u0438 \u043b\u0435\u043a\u0430\u0440\u0438 \u0432 \u0438\u0437\u0432\u0435\u0441\u0442\u043d\u0430 \u043a\u043b\u0438\u043d\u0438\u043a\u0430 \u0432 \u0418\u0441\u0442\u0430\u043d\u0431\u0443\u043b. \u0422\u044a\u0439 \u043a\u0430\u0442\u043e \u0432 \u043d\u0430\u0448\u0430\u0442\u0430 \u0441\u0442\u0440\u0430\u043d\u0430 \u043d\u044f\u043c\u0430 \u043c\u0430\u0433\u0438\u0441\u0442\u044a\u0440\u0441\u043a\u0430 \u043f\u0440\u043e\u0433\u0440\u0430\u043c\u0430 \u0432 \u043e\u0431\u043b\u0430\u0441\u0442\u0442\u0430 \u043d\u0430 \u043c\u0435\u0434\u0438\u0446\u0438\u043d\u0441\u043a\u0430\u0442\u0430 \u0435\u0441\u0442\u0435\u0442\u0438\u0447\u043d\u0430 \u0435\u043a\u0441\u043f\u0435\u0440\u0442\u0438\u0437\u0430, \u043f\u043e \u0432\u0440\u0435\u043c\u0435 \u043d\u0430 \u0441\u043f\u0435\u0446\u0438\u0430\u043b\u0438\u0437\u0430\u0446\u0438\u044f\u0442\u0430 \u0441\u0438 \u0441\u0435 \u043e\u0431\u044a\u0440\u043d\u0430\u0445 \u043a\u044a\u043c \u043c\u0430\u0433\u0438\u0441\u0442\u044a\u0440\u0441\u043a\u0438 \u043f\u0440\u043e\u0433\u0440\u0430\u043c\u0438 \u043f\u043e \u043c\u0435\u0434\u0438\u0446\u0438\u043d\u0441\u043a\u0430 \u0435\u0441\u0442\u0435\u0442\u0438\u043a\u0430 \u0432 \u0415\u0432\u0440\u043e\u043f\u0430. \u0412 \u0442\u0430\u0437\u0438 \u043c\u0430\u0433\u0438\u0441\u0442\u044a\u0440\u0441\u043a\u0430 \u043f\u0440\u043e\u0433\u0440\u0430\u043c\u0430, \u043f\u0440\u0438\u0437\u043d\u0430\u0442\u0430 \u043e\u0442 \u0415\u0432\u0440\u043e\u043f\u0435\u0439\u0441\u043a\u0438\u044f \u0441\u044a\u044e\u0437, \u0432\u0441\u0438\u0447\u043a\u0438 \u0441\u044a\u0449\u0435\u0441\u0442\u0432\u0443\u0432\u0430\u0449\u0438 \u0438 \u043f\u0440\u0438\u043b\u0430\u0433\u0430\u043d\u0438 \u0432 \u043c\u043e\u043c\u0435\u043d\u0442\u0430 \u043c\u0435\u0434\u0438\u0446\u0438\u043d\u0441\u043a\u0438 \u043f\u0440\u043e\u0446\u0435\u0434\u0443\u0440\u0438 \u0441\u0435 \u0434\u0430\u0432\u0430\u0442 \u043f\u0440\u0430\u043a\u0442\u0438\u0447\u0435\u0441\u043a\u0438 \u0432 \u0441\u0432\u0435\u0442\u043b\u0438\u043d\u0430\u0442\u0430 \u043d\u0430 \u0441\u044a\u0432\u0440\u0435\u043c\u0435\u043d\u043d\u0438\u0442\u0435 \u043d\u0430\u0443\u0447\u043d\u0438 \u0434\u0430\u043d\u043d\u0438.<\/p><p class=\"p1\">\u0426\u0435\u043b\u0442\u0430, \u043a\u043e\u044f\u0442\u043e \u0441\u0438 \u043f\u043e\u0441\u0442\u0430\u0432\u0438\u0445, \u0437\u0430\u043f\u043e\u0447\u0432\u0430\u0439\u043a\u0438 \u0442\u0430\u0437\u0438 \u043f\u0440\u043e\u0433\u0440\u0430\u043c\u0430, \u0435 \u0434\u0430 \u043e\u0441\u044a\u0437\u043d\u0430\u044f \u0444\u0430\u043a\u0442\u0430, \u0447\u0435 \u0432\u0438\u043d\u0430\u0433\u0438 \u0449\u0435 \u0441\u0435 \u043e\u0431\u043d\u043e\u0432\u044f\u0432\u0430\u043c \u0432 \u0436\u0438\u0432\u043e\u0442\u0430 \u0441\u0438 \u0438 \u0432 \u043f\u0440\u043e\u0444\u0435\u0441\u0438\u044f\u0442\u0430, \u043a\u043e\u044f\u0442\u043e \u0432\u0438\u043d\u0430\u0433\u0438 \u0438\u0441\u043a\u0430\u043c \u0434\u0430 \u0443\u043f\u0440\u0430\u0436\u043d\u044f\u0432\u0430\u043c, \u0434\u0430 \u043d\u0430\u0443\u0447\u0430\u0432\u0430\u043c \u0430\u043a\u0442\u0443\u0430\u043b\u043d\u0430\u0442\u0430 \u0437\u0430 \u0434\u043d\u0435\u0448\u043d\u0438\u044f \u0434\u0435\u043d \u0438\u043d\u0444\u043e\u0440\u043c\u0430\u0446\u0438\u044f, \u0434\u0430 \u043c\u043e\u0433\u0430 \u0434\u0430 \u0441\u0435 \u0430\u0434\u0430\u043f\u0442\u0438\u0440\u0430\u043c \u043a\u044a\u043c \u0432\u0441\u0438\u0447\u043a\u0438 \u043f\u043e\u043b\u043e\u0436\u0438\u0442\u0435\u043b\u043d\u0438 \u0437\u043d\u0430\u043d\u0438\u044f, \u043a\u043e\u0438\u0442\u043e \u0441\u0435 \u0440\u0430\u0437\u043b\u0438\u0447\u0430\u0432\u0430\u0442 \u0432 \u0445\u043e\u0434\u0430 \u043d\u0430 \u043f\u043e\u0441\u0442\u043e\u044f\u043d\u043d\u043e \u043f\u0440\u043e\u043c\u0435\u043d\u044f\u0449\u0430\u0442\u0430 \u0441\u0435 \u0438 \u0430\u043a\u0442\u0443\u0430\u043b\u0438\u0437\u0438\u0440\u0430\u043d\u0430 \u043d\u0430\u0443\u043a\u0430, \u0434\u0430 \u0431\u044a\u0434\u0430 \u0432\u0438\u043d\u0430\u0433\u0438 \u043f\u0440\u0430\u043a\u0442\u0438\u043a\u0443\u0432\u0430\u0449, \u0443\u0447\u0435\u0449 \u0441\u0435, \u0440\u0430\u0437\u0432\u0438\u0432\u0430\u0449 \u0441\u0435; \u0434\u0430 \u043c\u043e\u0433\u0430 \u0434\u0430 \u0443\u043f\u0440\u0430\u0436\u043d\u044f\u0432\u0430\u043c \u043f\u0440\u043e\u0444\u0435\u0441\u0438\u044f\u0442\u0430, \u043a\u043e\u044f\u0442\u043e \u043e\u0431\u0438\u0447\u0430\u043c, \u043c\u043d\u043e\u0433\u043e \u043f\u043e-\u0434\u043e\u0431\u0440\u0435, \u0435 \u0435\u0434\u043d\u0430 \u043e\u0442 \u043d\u0430\u0439-\u0433\u043e\u043b\u0435\u043c\u0438\u0442\u0435 \u043c\u0438 \u0446\u0435\u043b\u0438.<\/p>\t\t\t\t\t\t\t\t<\/div>\n\t\t\t\t<\/div>\n\t\t\t\t<div class=\"elementor-element elementor-element-2becadb elementor-widget-mobile__width-inherit elementor-widget elementor-widget-tp-button\" data-id=\"2becadb\" data-element_type=\"widget\" data-widget_type=\"tp-button.default\">\n\t\t\t\t\t<div class=\"pt-plus-button-wrapper   text-\"><div class=\"button_parallax  full-button\"><div id=\"button69e38d9e2027c\"  class=\"text- ts-button content_hover_effect   full-button\" ><div class=\"pt_plus_button btn69e38d9e2027b button-style-10  full-button\"  ><div class=\"animted-content-inner\"><a href=\"https:\/\/www.drgizemmert.com\/bg\/randevu-olustur\/\" class=\"button-link-wrap\" role=\"button\" data-hover=\"Randevu Olu\u015fturun\"  >\u0421\u044a\u0437\u0434\u0430\u0432\u0430\u043d\u0435 \u043d\u0430 \u0441\u0440\u0435\u0449\u0430<\/a><\/div><\/div><\/div><\/div><\/div>\t\t\t\t<\/div>\n\t\t\t\t<\/div>\n\t\t\t\t<\/div>\n\t\t\t\t\t<\/div>\n\t\t\t\t<\/div>\n\t\t\t\t<\/div>","protected":false},"excerpt":{"rendered":"<p>Dr. Gizem Mert Hakk\u0131nda Ben Doktor Gizem MERT. Edirne do\u011fumluyum. \u0130lkokulu Edirne Trakya Birlik Okulu\u2019nda okudum. Ortaokul ve lise \u00f6\u011frenimimi Edirne Anadolu Lisesi\u2019nde tamamlad\u0131m. 2004 y\u0131l\u0131nda \u00e7ocuklu\u011fumdan beri hayalim olan t\u0131p fak\u00fcltesini, Yeditepe \u00dcniversitesi \u0130ngilizce (burslu) olarak kazand\u0131m. T\u0131p fak\u00fcltesinin son y\u0131l\u0131nda ailemin yan\u0131na d\u00f6nmek i\u00e7in Trakya \u00dcniversitesi T\u0131p Fak\u00fcltesi\u2019ne ge\u00e7i\u015f yapt\u0131m. 2011 y\u0131l\u0131nda buradan [&hellip;]<\/p>","protected":false},"author":1,"featured_media":0,"parent":0,"menu_order":0,"comment_status":"closed","ping_status":"closed","template":"elementor_header_footer","meta":{"footnotes":""},"class_list":["post-128","page","type-page","status-publish","hentry"],"_hostinger_reach_plugin_has_subscription_block":false,"_hostinger_reach_plugin_is_elementor":false,"_links":{"self":[{"href":"https:\/\/www.drgizemmert.com\/bg\/wp-json\/wp\/v2\/pages\/128","targetHints":{"allow":["GET"]}}],"collection":[{"href":"https:\/\/www.drgizemmert.com\/bg\/wp-json\/wp\/v2\/pages"}],"about":[{"href":"https:\/\/www.drgizemmert.com\/bg\/wp-json\/wp\/v2\/types\/page"}],"author":[{"embeddable":true,"href":"https:\/\/www.drgizemmert.com\/bg\/wp-json\/wp\/v2\/users\/1"}],"replies":[{"embeddable":true,"href":"https:\/\/www.drgizemmert.com\/bg\/wp-json\/wp\/v2\/comments?post=128"}],"version-history":[{"count":13,"href":"https:\/\/www.drgizemmert.com\/bg\/wp-json\/wp\/v2\/pages\/128\/revisions"}],"predecessor-version":[{"id":193,"href":"https:\/\/www.drgizemmert.com\/bg\/wp-json\/wp\/v2\/pages\/128\/revisions\/193"}],"wp:attachment":[{"href":"https:\/\/www.drgizemmert.com\/bg\/wp-json\/wp\/v2\/media?parent=128"}],"curies":[{"name":"wp","href":"https:\/\/api.w.org\/{rel}","templated":true}]}}